{"id":128,"date":"2020-03-01T00:00:09","date_gmt":"2020-03-01T00:00:09","guid":{"rendered":"https:\/\/bicentenariosantamaria.cl\/?page_id=128"},"modified":"2023-06-07T14:30:01","modified_gmt":"2023-06-07T14:30:01","slug":"nuestra-historia","status":"publish","type":"page","link":"https:\/\/bicentenariosantamaria.cl\/index.php\/nuestra-historia\/","title":{"rendered":"Nuestra Historia"},"content":{"rendered":"\n\n\n<p>En el mes de marzo de 1977 las siete cooperativas que formaban el sector de \u201cVital Apoquindo Sur\u201d entregaron en comodato al Ministerio de Educaci\u00f3n un terreno para que se edificara una instituci\u00f3n educativa. Cada cooperativa aport\u00f3, adem\u00e1s, una sala de construcci\u00f3n prefabricada. Esta primera acci\u00f3n solidaria basada en la auto gesti\u00f3n, permiti\u00f3 la inauguraci\u00f3n del Anexo de la Escuela N\u00b0 243 (actual Colegio Juan Pablo II). Esta comunidad funcional, dirigida por la Se\u00f1orita Marta Aguayo Dolmesch, llega a formar una verdadera comunidad que acoge a los ni\u00f1os del sector.<\/p>\n\n\n\n<p>Esta instituci\u00f3n crece y se desarrolla, obteniendo su plena autonom\u00eda mediante Decreto N\u00ba 7.334 de 20 de octubre de 1981, que lo declara cooperador de la funci\u00f3n educacional del Estado. Adquiere entonces, el nombre de Escuela Australia F N\u00b0 244, siendo apadrinada por el Centro Nuclear La Reina y, luego por la Embajada de Australia, con una matr\u00edcula que alcanza los 480 alumnos inicialmente. Al a\u00f1o siguiente, en 1982, se constituye definitivamente el establecimiento educacional.<\/p>\n\n\n\n<p>En el a\u00f1o 2000 se focaliza en adquirir su calidad de Liceo, el cual lo logra el 09 de noviembre de 2004 seg\u00fan lo reconoce la Resoluci\u00f3n Exenta N\u00b0 2931. Ese a\u00f1o se ampl\u00eda la cobertura educacional, al impartir la Ense\u00f1anza Media Human\u00edstica-Cient\u00edfica y pasa a denominarse oficialmente como \u201cLiceo Santa Mar\u00eda de Las Condes\u201d.<\/p>\n\n\n\n<p>Desde su inauguraci\u00f3n ha ejercido docencia un gran n\u00famero de educadores, dejando cada uno una huella y un legado de ense\u00f1anza. Con esfuerzo y gran esp\u00edritu de compa\u00f1erismo, supieron llevar a los alumnos y apoderados a emprender importantes desaf\u00edos que se han ido cumpliendo paso a paso y con metas cada vez de mayor exigencia. Actualmente imparte ense\u00f1anza desde Pre-k\u00ednder a Ense\u00f1anza Media, siendo la base de su cuerpo docente especialistas en sus \u00e1reas, contando con reconocimiento del CPEIP en grados de expertos y, la mayor\u00eda de ellos, con al menos un postgrado.<\/p>\n\n\n\n<p>El establecimiento cuenta con Proyecto de Integraci\u00f3n Escolar desde Pre-Kinder a Cuarto a\u00f1o de ense\u00f1anza media.<\/p>\n\n\n\n<p>En el mes de octubre de 2017, la Agencia de Calidad de la Educaci\u00f3n realiza al establecimiento su \u201cVisita de Aprendizaje\u201d, permiti\u00e9ndoles conocer c\u00f3mo trabaja nuestra comunidad educativa para obtener resultados destacados en su quehacer.<\/p>\n\n\n\n<p>En diciembre de 2018, el Sistema de Aseguramiento de la Calidad de la Agencia de Calidad de la Educaci\u00f3n del Ministerio de Educaci\u00f3n, nos certifica que el Liceo Santa Mar\u00eda de Las Condes alcanz\u00f3 la Categor\u00eda de Desempe\u00f1o Alto, tanto en Educaci\u00f3n B\u00e1sica como en Educaci\u00f3n Media.<\/p>\n\n\n\n<p>El equipo Directivo ha postulado dos a\u00f1os consecutivos (2017 y 2018) al Proceso de Asignaci\u00f3n de Desempe\u00f1o Colectivo, obteniendo en ambas oportunidades un 100% de logro en la categor\u00eda de desempe\u00f1o destacado.<\/p>\n\n\n\n<p>En Subvenci\u00f3n Escolar Preferencial estamos en categor\u00eda Aut\u00f3noma<\/p>\n\n\n\n<p>En esta oportunidad, hemos obtenido el reconocimiento de Liceo Bicentenario de Excelencia Santa Mar\u00eda de Las Condes, en reconocimiento a los indicadores acad\u00e9micos que han tenido una tendencia a la mejora continua gracias al esp\u00edritu de constante superaci\u00f3n de toda nuestra comunidad educativa.<\/p>\n\n\n\n<p>Durante estos a\u00f1os el colegio ha sido liderado por los siguientes directores:<\/p>\n\n\n\n<p>Srta. Marta Aguayo Dolmestch: 1977 &#8211; 1993<\/p>\n\n\n\n<p>Sra. Gladys Quiroz N\u00fa\u00f1ez: 1994 &#8211; 1997<\/p>\n\n\n\n<p>Sra. Carmen Gatica Astaburuaga: 1998 &#8211; 2001<\/p>\n\n\n\n<p>Sr. Nelson Vera Fern\u00e1ndez: 2002 &#8211; 2004<\/p>\n\n\n\n<p>Sr. Horacio Castro Sariego: 2005 &#8211; 2006<\/p>\n\n\n\n<p>Sr. Sergio Mi\u00f1o Moyano: Desde 2007 a la fecha<\/p>\n\n\n<p><\/p>\n\n\n\n","protected":false},"excerpt":{"rendered":"","protected":false},"author":1,"featured_media":95,"parent":0,"menu_order":0,"comment_status":"closed","ping_status":"closed","template":"","meta":{"pagelayer_contact_templates":[],"_pagelayer_content":"","footnotes":""},"class_list":["post-128","page","type-page","status-publish","has-post-thumbnail"],"_links":{"self":[{"href":"https:\/\/bicentenariosantamaria.cl\/index.php\/wp-json\/wp\/v2\/pages\/128","targetHints":{"allow":["GET"]}}],"collection":[{"href":"https:\/\/bicentenariosantamaria.cl\/index.php\/wp-json\/wp\/v2\/pages"}],"about":[{"href":"https:\/\/bicentenariosantamaria.cl\/index.php\/wp-json\/wp\/v2\/types\/page"}],"author":[{"embeddable":true,"href":"https:\/\/bicentenariosantamaria.cl\/index.php\/wp-json\/wp\/v2\/users\/1"}],"replies":[{"embeddable":true,"href":"https:\/\/bicentenariosantamaria.cl\/index.php\/wp-json\/wp\/v2\/comments?post=128"}],"version-history":[{"count":0,"href":"https:\/\/bicentenariosantamaria.cl\/index.php\/wp-json\/wp\/v2\/pages\/128\/revisions"}],"wp:featuredmedia":[{"embeddable":true,"href":"https:\/\/bicentenariosantamaria.cl\/index.php\/wp-json\/wp\/v2\/media\/95"}],"wp:attachment":[{"href":"https:\/\/bicentenariosantamaria.cl\/index.php\/wp-json\/wp\/v2\/media?parent=128"}],"curies":[{"name":"wp","href":"https:\/\/api.w.org\/{rel}","templated":true}]}}