{"id":131,"date":"2020-05-31T18:15:57","date_gmt":"2020-05-31T18:15:57","guid":{"rendered":"https:\/\/bicentenariosantamaria.cl\/?page_id=131"},"modified":"2021-08-12T15:24:43","modified_gmt":"2021-08-12T15:24:43","slug":"nuestros-sellos-intitucionales","status":"publish","type":"page","link":"https:\/\/bicentenariosantamaria.cl\/index.php\/nuestros-sellos-intitucionales\/","title":{"rendered":"Nuestra Visi\u00f3n, Misi\u00f3n y Sellos Institucionales"},"content":{"rendered":"\n<h2 class=\"has-white-color has-luminous-vivid-orange-background-color has-text-color has-background wp-block-heading\" style=\"font-size:30px\"><strong>Nuestra Visi\u00f3n<\/strong><\/h2>\n\n\n\n<p>\u201cSer un liceo inclusivo en la comuna, que se destaque por la s\u00f3lida formaci\u00f3n val\u00f3rica de sus estudiantes, centrada en el respeto, honestidad, solidaridad y perseverancia. As\u00ed tambi\u00e9n como por sus logros acad\u00e9micos, con el fin de acceder a la educaci\u00f3n superior.\u201d<\/p>\n\n\n\n<p class=\"has-white-color has-luminous-vivid-orange-background-color has-text-color has-background\" style=\"font-size:30px\"><strong> <strong>Nuestra Misi\u00f3n<\/strong><\/strong><\/p>\n\n\n\n<p>\u201cSomos un Liceo Cient\u00edfico-Humanista ubicado en la comuna de Las Condes, con Jornada Escolar Completa desde Pre-kinder a Cuarto Medio, que promueve una formaci\u00f3n val\u00f3rica focalizada en el respeto por la persona, la propiedad y los procedimientos; con personal calificado, tecnolog\u00eda e infraestructura adecuada, que permite entregar una formaci\u00f3n acad\u00e9mica de excelencia a nuestros estudiantes, para el desempe\u00f1o exitoso en la educaci\u00f3n superior.\u201d<\/p>\n\n\n\n<p class=\"has-white-color has-luminous-vivid-orange-background-color has-text-color has-background\" style=\"font-size:30px\"><strong>Sellos Educativos e Institucionales<\/strong><\/p>\n\n\n\n<p>El Sello eje del Liceo Santa Mar\u00eda de Las Condes es \u201cLa Educaci\u00f3n F\u00edsica, el Deporte y la Recreaci\u00f3n, con \u00e9nfasis en la Salud y la Vida Sana\u201d. Sus ejes transversales son la Educaci\u00f3n Integral, la Educaci\u00f3n Inclusiva, la Educaci\u00f3n Centrada en el Estudiante y la Educaci\u00f3n de Excelencia.<\/p>\n\n\n\n<p>Siendo un establecimiento Cient\u00edfico-Humanista, nos enfocamos en la actividad f\u00edsica como ente motor que permite un cuerpo dispuesto a asumir desaf\u00edos, con respeto a las reglas, privilegiando el cuidado del cuerpo y el uso de la inteligencia para solucionar problemas gracias al trabajo en equipo, el autocontrol, la empat\u00eda en el esfuerzo conjunto, el desarrollo de habilidades kinest\u00e9sicas y la sociabilidad.<\/p>\n\n\n\n<p>Pero el Sello enfocado solo en la Actividad F\u00edsica no logra los resultados esperados, debe incorporar una formaci\u00f3n del ser integral, inclusiva en todos sus aspectos, cuyo foco sea el alumno y la excelencia educativa como meta.<\/p>\n","protected":false},"excerpt":{"rendered":"<p>Nuestra Visi\u00f3n \u201cSer un liceo inclusivo en la comuna, que se destaque por la s\u00f3lida formaci\u00f3n val\u00f3rica de sus estudiantes, centrada en el respeto, honestidad, solidaridad y perseverancia. As\u00ed tambi\u00e9n como por sus logros acad\u00e9micos, con el fin de acceder a la educaci\u00f3n superior.\u201d Nuestra Misi\u00f3n \u201cSomos un Liceo Cient\u00edfico-Humanista ubicado en la comuna de &#8230; <a title=\"Nuestra Visi\u00f3n, Misi\u00f3n y Sellos Institucionales\" class=\"read-more\" href=\"https:\/\/bicentenariosantamaria.cl\/index.php\/nuestros-sellos-intitucionales\/\" aria-label=\"Leer m\u00e1s sobre Nuestra Visi\u00f3n, Misi\u00f3n y Sellos Institucionales\">Leer m\u00e1s<\/a><\/p>\n","protected":false},"author":1,"featured_media":134,"parent":0,"menu_order":0,"comment_status":"closed","ping_status":"closed","template":"","meta":{"pagelayer_contact_templates":[],"_pagelayer_content":"","footnotes":""},"class_list":["post-131","page","type-page","status-publish","has-post-thumbnail"],"_links":{"self":[{"href":"https:\/\/bicentenariosantamaria.cl\/index.php\/wp-json\/wp\/v2\/pages\/131","targetHints":{"allow":["GET"]}}],"collection":[{"href":"https:\/\/bicentenariosantamaria.cl\/index.php\/wp-json\/wp\/v2\/pages"}],"about":[{"href":"https:\/\/bicentenariosantamaria.cl\/index.php\/wp-json\/wp\/v2\/types\/page"}],"author":[{"embeddable":true,"href":"https:\/\/bicentenariosantamaria.cl\/index.php\/wp-json\/wp\/v2\/users\/1"}],"replies":[{"embeddable":true,"href":"https:\/\/bicentenariosantamaria.cl\/index.php\/wp-json\/wp\/v2\/comments?post=131"}],"version-history":[{"count":0,"href":"https:\/\/bicentenariosantamaria.cl\/index.php\/wp-json\/wp\/v2\/pages\/131\/revisions"}],"wp:featuredmedia":[{"embeddable":true,"href":"https:\/\/bicentenariosantamaria.cl\/index.php\/wp-json\/wp\/v2\/media\/134"}],"wp:attachment":[{"href":"https:\/\/bicentenariosantamaria.cl\/index.php\/wp-json\/wp\/v2\/media?parent=131"}],"curies":[{"name":"wp","href":"https:\/\/api.w.org\/{rel}","templated":true}]}}