{"id":2391,"date":"2022-01-18T23:14:57","date_gmt":"2022-01-18T23:14:57","guid":{"rendered":"https:\/\/bicentenariosantamaria.cl\/?page_id=2391"},"modified":"2025-12-29T11:58:15","modified_gmt":"2025-12-29T11:58:15","slug":"lista-utiles-escolares","status":"publish","type":"page","link":"https:\/\/bicentenariosantamaria.cl\/index.php\/lista-utiles-escolares\/","title":{"rendered":"Lista \u00datiles Escolares 2026"},"content":{"rendered":"\n<p class=\"has-base-3-color has-text-color has-background\" style=\"background-color:#ff6900;font-size:30px\"><strong>LISTAS DE \u00daTILES ESCOLARES 2026<\/strong><\/p>\n\n\n\n<p><strong>Descarga de lista de \u00fatiles escolares para el per\u00edodo acad\u00e9mico 2026<\/strong><\/p>\n\n\n<figure class=\"wp-block-table is-style-stripes\">\n<table>\n<tbody>\n<tr>\n<td><strong><a href=\"https:\/\/bicentenariosantamaria.cl\/wp-content\/uploads\/2025\/12\/01-lista-de-utiles-prekinder-2026.pdf\">Pre-Kinder<\/a><\/strong><\/td>\n<td><strong><a href=\"https:\/\/bicentenariosantamaria.cl\/wp-content\/uploads\/2025\/12\/02-lista-de-utiles-kinder-2026.pdf\">Kinder<\/a><\/strong><\/td>\n<\/tr>\n<tr>\n<td><strong><a href=\"https:\/\/bicentenariosantamaria.cl\/wp-content\/uploads\/2025\/12\/03-lista-de-utiles-1\u00b0-basico-2026.pdf\">Primeros b\u00e1sicos<\/a><\/strong><\/td>\n<td><strong><a href=\"https:\/\/bicentenariosantamaria.cl\/wp-content\/uploads\/2025\/12\/04-lista-de-utiles-2\u00b0-basico-2026.pdf\">Segundos b\u00e1sicos<\/a><\/strong><\/td>\n<\/tr>\n<tr>\n<td><strong><a href=\"https:\/\/bicentenariosantamaria.cl\/wp-content\/uploads\/2025\/12\/05-lista-de-utiles-3o-basico-2026.pdf\">Terceros b\u00e1sicos<\/a><\/strong><\/td>\n<td><strong><a href=\"https:\/\/bicentenariosantamaria.cl\/wp-content\/uploads\/2025\/12\/06-lista-de-utiles-4o-basico-2026.pdf\">Cuartos b\u00e1sicos<\/a><\/strong><\/td>\n<\/tr>\n<tr>\n<td><strong><a href=\"https:\/\/bicentenariosantamaria.cl\/wp-content\/uploads\/2025\/12\/07-lista-de-utiles-5\u00b0-basico-2026.pdf\">Quintos b\u00e1sicos<\/a><\/strong><\/td>\n<td><strong><a href=\"https:\/\/bicentenariosantamaria.cl\/wp-content\/uploads\/2025\/12\/08-lista-de-utiles-6\u00b0-basico-2026.pdf\">Sextos b\u00e1sicos<\/a><\/strong><\/td>\n<\/tr>\n<tr>\n<td><strong><a href=\"https:\/\/bicentenariosantamaria.cl\/wp-content\/uploads\/2025\/12\/09-lista-de-utiles-7\u00b0-basico-2026.pdf\">S\u00e9ptimos b\u00e1sicos<\/a><\/strong><\/td>\n<td><strong><a href=\"https:\/\/bicentenariosantamaria.cl\/wp-content\/uploads\/2025\/12\/10-lista-de-utiles-8\u00b0-basico-2026.pdf\">Octavos b\u00e1sicos<\/a><\/strong><\/td>\n<\/tr>\n<tr>\n<td><strong><a href=\"https:\/\/bicentenariosantamaria.cl\/wp-content\/uploads\/2025\/12\/11-lista-de-utles-i\u00b0-medio-2026.pdf\">Primeros medios<\/a><\/strong><\/td>\n<td><strong><a href=\"https:\/\/bicentenariosantamaria.cl\/wp-content\/uploads\/2025\/12\/12-lista-de-utles-ii\u00b0-medio-2026.pdf\">Segundos medios<\/a><\/strong><\/td>\n<\/tr>\n<tr>\n<td><strong><a href=\"https:\/\/bicentenariosantamaria.cl\/wp-content\/uploads\/2025\/12\/13-lista-de-utiles-iii\u00b0-medio-2026.pdf\">Terceros medios<\/a><\/strong><\/td>\n<td><strong><a href=\"https:\/\/bicentenariosantamaria.cl\/wp-content\/uploads\/2025\/12\/14-lista-de-utiles-iv\u00b0-medio-2026.pdf\">Cuartos medios<\/a><\/strong><\/td>\n<\/tr>\n<\/tbody>\n<\/table>\n<\/figure>","protected":false},"excerpt":{"rendered":"<p>LISTAS DE \u00daTILES ESCOLARES 2026 Descarga de lista de \u00fatiles escolares para el per\u00edodo acad\u00e9mico 2026 Pre-Kinder Kinder Primeros b\u00e1sicos Segundos b\u00e1sicos Terceros b\u00e1sicos Cuartos b\u00e1sicos Quintos b\u00e1sicos Sextos b\u00e1sicos S\u00e9ptimos b\u00e1sicos Octavos b\u00e1sicos Primeros medios Segundos medios Terceros medios Cuartos medios<\/p>\n","protected":false},"author":1,"featured_media":0,"parent":0,"menu_order":0,"comment_status":"closed","ping_status":"closed","template":"","meta":{"pagelayer_contact_templates":[],"_pagelayer_content":"","footnotes":""},"class_list":["post-2391","page","type-page","status-publish"],"_links":{"self":[{"href":"https:\/\/bicentenariosantamaria.cl\/index.php\/wp-json\/wp\/v2\/pages\/2391","targetHints":{"allow":["GET"]}}],"collection":[{"href":"https:\/\/bicentenariosantamaria.cl\/index.php\/wp-json\/wp\/v2\/pages"}],"about":[{"href":"https:\/\/bicentenariosantamaria.cl\/index.php\/wp-json\/wp\/v2\/types\/page"}],"author":[{"embeddable":true,"href":"https:\/\/bicentenariosantamaria.cl\/index.php\/wp-json\/wp\/v2\/users\/1"}],"replies":[{"embeddable":true,"href":"https:\/\/bicentenariosantamaria.cl\/index.php\/wp-json\/wp\/v2\/comments?post=2391"}],"version-history":[{"count":0,"href":"https:\/\/bicentenariosantamaria.cl\/index.php\/wp-json\/wp\/v2\/pages\/2391\/revisions"}],"wp:attachment":[{"href":"https:\/\/bicentenariosantamaria.cl\/index.php\/wp-json\/wp\/v2\/media?parent=2391"}],"curies":[{"name":"wp","href":"https:\/\/api.w.org\/{rel}","templated":true}]}}