{"id":2500,"date":"2022-03-30T11:50:55","date_gmt":"2022-03-30T11:50:55","guid":{"rendered":"https:\/\/bicentenariosantamaria.cl\/?page_id=2500"},"modified":"2023-06-28T16:21:32","modified_gmt":"2023-06-28T16:21:32","slug":"talleres-extraescolares-2022","status":"publish","type":"page","link":"https:\/\/bicentenariosantamaria.cl\/index.php\/talleres-extraescolares-2022\/","title":{"rendered":"Encuesta Talleres"},"content":{"rendered":"\n<p class=\"has-base-3-color has-luminous-vivid-orange-background-color has-text-color has-background\" style=\"font-size:25px\"><strong>Participa en la encuesta para seleccionar los Talleres Extraescolares 2023 de tu preferencia<\/strong><\/p>\n\n\n\n<p><strong>E<strong>sta encuesta debe estar contestada a m\u00e1s tardar el viernes 10 de marzo<\/strong>.&nbsp;En cada descripci\u00f3n de los talleres existe un link donde podr\u00e1s registrarte.<\/strong><\/p>\n\n\n\n<p>Encuesta <strong>Nivel de Pre B\u00e1sica<\/strong>, a ser contestada por el apoderado junto al estudiante:&nbsp;<\/p>\n\n\n\n<figure class=\"wp-block-image is-resized\"><a href=\"https:\/\/forms.gle\/CC5izweHmZA4MF7v8\"><img loading=\"lazy\" decoding=\"async\" src=\"http:\/\/bicentenariosantamaria.cl\/wp-content\/uploads\/2023\/03\/clic_aqui-1024x310.png\" alt=\"\" class=\"wp-image-3004\" width=\"273\" height=\"83\" srcset=\"https:\/\/bicentenariosantamaria.cl\/wp-content\/uploads\/2023\/03\/clic_aqui-1024x310.png 1024w, https:\/\/bicentenariosantamaria.cl\/wp-content\/uploads\/2023\/03\/clic_aqui-300x91.png 300w, https:\/\/bicentenariosantamaria.cl\/wp-content\/uploads\/2023\/03\/clic_aqui-768x232.png 768w, https:\/\/bicentenariosantamaria.cl\/wp-content\/uploads\/2023\/03\/clic_aqui.png 1306w\" sizes=\"auto, (max-width: 273px) 100vw, 273px\" \/><\/a><\/figure>\n\n\n\n<p>Encuesta <strong>Nivel de 1\u00b0 a 4\u00b0 B\u00e1sico<\/strong> para ser contestada por el apoderado junto al estudiante.<\/p>\n\n\n\n<figure class=\"wp-block-image is-resized\"><a href=\"https:\/\/forms.gle\/oMP8mLpK6Vx7RewM9\"><img loading=\"lazy\" decoding=\"async\" src=\"http:\/\/bicentenariosantamaria.cl\/wp-content\/uploads\/2023\/03\/clic_aqui-1024x310.png\" alt=\"\" class=\"wp-image-3004\" width=\"276\" height=\"83\" srcset=\"https:\/\/bicentenariosantamaria.cl\/wp-content\/uploads\/2023\/03\/clic_aqui-1024x310.png 1024w, https:\/\/bicentenariosantamaria.cl\/wp-content\/uploads\/2023\/03\/clic_aqui-300x91.png 300w, https:\/\/bicentenariosantamaria.cl\/wp-content\/uploads\/2023\/03\/clic_aqui-768x232.png 768w, https:\/\/bicentenariosantamaria.cl\/wp-content\/uploads\/2023\/03\/clic_aqui.png 1306w\" sizes=\"auto, (max-width: 276px) 100vw, 276px\" \/><\/a><\/figure>\n\n\n\n<p>Encuesta <strong>Nivel de 5\u00b0 a 8\u00b0 B\u00e1sico<\/strong> para ser contestada por el estudiante.<\/p>\n\n\n\n<figure class=\"wp-block-image is-resized\"><a href=\"https:\/\/docs.google.com\/forms\/d\/e\/1FAIpQLSe-QIiS5r_6069dGe50oDABT1pj5-h9zYxrPCynu9ozdOCoYA\/viewform\"><img loading=\"lazy\" decoding=\"async\" src=\"http:\/\/bicentenariosantamaria.cl\/wp-content\/uploads\/2023\/03\/clic_aqui-1024x310.png\" alt=\"\" class=\"wp-image-3004\" width=\"274\" height=\"83\" srcset=\"https:\/\/bicentenariosantamaria.cl\/wp-content\/uploads\/2023\/03\/clic_aqui-1024x310.png 1024w, https:\/\/bicentenariosantamaria.cl\/wp-content\/uploads\/2023\/03\/clic_aqui-300x91.png 300w, https:\/\/bicentenariosantamaria.cl\/wp-content\/uploads\/2023\/03\/clic_aqui-768x232.png 768w, https:\/\/bicentenariosantamaria.cl\/wp-content\/uploads\/2023\/03\/clic_aqui.png 1306w\" sizes=\"auto, (max-width: 274px) 100vw, 274px\" \/><\/a><\/figure>\n\n\n\n<p>Encuesta <strong>Nivel de Ense\u00f1anza Media<\/strong> para ser contestada por el estudiante.<\/p>\n\n\n\n<figure class=\"wp-block-image is-resized\"><a href=\"https:\/\/forms.gle\/ofR3Lu5KvyLjuA4K7\"><img loading=\"lazy\" decoding=\"async\" src=\"http:\/\/bicentenariosantamaria.cl\/wp-content\/uploads\/2023\/03\/clic_aqui-1024x310.png\" alt=\"\" class=\"wp-image-3004\" width=\"274\" height=\"83\" srcset=\"https:\/\/bicentenariosantamaria.cl\/wp-content\/uploads\/2023\/03\/clic_aqui-1024x310.png 1024w, https:\/\/bicentenariosantamaria.cl\/wp-content\/uploads\/2023\/03\/clic_aqui-300x91.png 300w, https:\/\/bicentenariosantamaria.cl\/wp-content\/uploads\/2023\/03\/clic_aqui-768x232.png 768w, https:\/\/bicentenariosantamaria.cl\/wp-content\/uploads\/2023\/03\/clic_aqui.png 1306w\" sizes=\"auto, (max-width: 274px) 100vw, 274px\" \/><\/a><\/figure>\n\n\n\n<figure class=\"wp-block-image\"><img decoding=\"async\" src=\"https:\/\/child-participation.eu\/wp-content\/uploads\/2020\/03\/participa_index.png\" alt=\"Participa Project\"\/><\/figure>\n","protected":false},"excerpt":{"rendered":"<p>Participa en la encuesta para seleccionar los Talleres Extraescolares 2023 de tu preferencia Esta encuesta debe estar contestada a m\u00e1s tardar el viernes 10 de marzo.&nbsp;En cada descripci\u00f3n de los talleres existe un link donde podr\u00e1s registrarte. Encuesta Nivel de Pre B\u00e1sica, a ser contestada por el apoderado junto al estudiante:&nbsp; Encuesta Nivel de 1\u00b0 &#8230; <a title=\"Encuesta Talleres\" class=\"read-more\" href=\"https:\/\/bicentenariosantamaria.cl\/index.php\/talleres-extraescolares-2022\/\" aria-label=\"Leer m\u00e1s sobre Encuesta Talleres\">Leer m\u00e1s<\/a><\/p>\n","protected":false},"author":1,"featured_media":0,"parent":0,"menu_order":0,"comment_status":"closed","ping_status":"closed","template":"","meta":{"pagelayer_contact_templates":[],"_pagelayer_content":"","footnotes":""},"class_list":["post-2500","page","type-page","status-publish"],"_links":{"self":[{"href":"https:\/\/bicentenariosantamaria.cl\/index.php\/wp-json\/wp\/v2\/pages\/2500","targetHints":{"allow":["GET"]}}],"collection":[{"href":"https:\/\/bicentenariosantamaria.cl\/index.php\/wp-json\/wp\/v2\/pages"}],"about":[{"href":"https:\/\/bicentenariosantamaria.cl\/index.php\/wp-json\/wp\/v2\/types\/page"}],"author":[{"embeddable":true,"href":"https:\/\/bicentenariosantamaria.cl\/index.php\/wp-json\/wp\/v2\/users\/1"}],"replies":[{"embeddable":true,"href":"https:\/\/bicentenariosantamaria.cl\/index.php\/wp-json\/wp\/v2\/comments?post=2500"}],"version-history":[{"count":0,"href":"https:\/\/bicentenariosantamaria.cl\/index.php\/wp-json\/wp\/v2\/pages\/2500\/revisions"}],"wp:attachment":[{"href":"https:\/\/bicentenariosantamaria.cl\/index.php\/wp-json\/wp\/v2\/media?parent=2500"}],"curies":[{"name":"wp","href":"https:\/\/api.w.org\/{rel}","templated":true}]}}