{"id":3046,"date":"2023-04-01T00:00:00","date_gmt":"2023-04-01T00:00:00","guid":{"rendered":"https:\/\/bicentenariosantamaria.cl\/?page_id=3046"},"modified":"2023-06-28T16:25:58","modified_gmt":"2023-06-28T16:25:58","slug":"cuentas_publicas","status":"publish","type":"page","link":"https:\/\/bicentenariosantamaria.cl\/index.php\/cuentas_publicas\/","title":{"rendered":"Cuenta P\u00fablica 2023 &#8211; Gesti\u00f3n 2022"},"content":{"rendered":"\n<p>El pasado jueves 30 de marzo. nuestro Director Don Sergio Mi\u00f1o Moyano, realiz\u00f3 la Cuenta P\u00fablica 2023 frente a diversos estamentos de la comunidad educativa, dando cuenta de la gesti\u00f3n del a\u00f1o 2022.<\/p>\n\n\n\n<iframe \nsrc=\"https:\/\/docs.google.com\/gview?url=http:\/\/bicentenariosantamaria.cl\/wp-content\/uploads\/2023\/04\/CUENTA-PUBLICA-2023-GESTION-2022.pdf \n&#038;embedded=true\" style=\"width:100%; height:800px;\" frameborder=\"0\" ><\/iframe>\n","protected":false},"excerpt":{"rendered":"<p>El pasado jueves 30 de marzo. nuestro Director Don Sergio Mi\u00f1o Moyano, realiz\u00f3 la Cuenta P\u00fablica 2023 frente a diversos estamentos de la comunidad educativa, dando cuenta de la gesti\u00f3n del a\u00f1o 2022.<\/p>\n","protected":false},"author":1,"featured_media":0,"parent":0,"menu_order":0,"comment_status":"closed","ping_status":"closed","template":"","meta":{"pagelayer_contact_templates":[],"_pagelayer_content":"","footnotes":""},"class_list":["post-3046","page","type-page","status-publish"],"_links":{"self":[{"href":"https:\/\/bicentenariosantamaria.cl\/index.php\/wp-json\/wp\/v2\/pages\/3046","targetHints":{"allow":["GET"]}}],"collection":[{"href":"https:\/\/bicentenariosantamaria.cl\/index.php\/wp-json\/wp\/v2\/pages"}],"about":[{"href":"https:\/\/bicentenariosantamaria.cl\/index.php\/wp-json\/wp\/v2\/types\/page"}],"author":[{"embeddable":true,"href":"https:\/\/bicentenariosantamaria.cl\/index.php\/wp-json\/wp\/v2\/users\/1"}],"replies":[{"embeddable":true,"href":"https:\/\/bicentenariosantamaria.cl\/index.php\/wp-json\/wp\/v2\/comments?post=3046"}],"version-history":[{"count":0,"href":"https:\/\/bicentenariosantamaria.cl\/index.php\/wp-json\/wp\/v2\/pages\/3046\/revisions"}],"wp:attachment":[{"href":"https:\/\/bicentenariosantamaria.cl\/index.php\/wp-json\/wp\/v2\/media?parent=3046"}],"curies":[{"name":"wp","href":"https:\/\/api.w.org\/{rel}","templated":true}]}}