{"id":3068,"date":"2023-03-01T00:00:10","date_gmt":"2023-03-01T00:00:10","guid":{"rendered":"https:\/\/bicentenariosantamaria.cl\/?page_id=3068"},"modified":"2023-06-28T16:22:21","modified_gmt":"2023-06-28T16:22:21","slug":"himnos-nacionales-de-chile","status":"publish","type":"page","link":"https:\/\/bicentenariosantamaria.cl\/index.php\/himnos-nacionales-de-chile\/","title":{"rendered":"Himnos"},"content":{"rendered":"\n<p class=\"has-base-3-color has-luminous-vivid-orange-background-color has-text-color has-background\" style=\"font-size:25px\"><strong>Himnos de instituciones nacionales<\/strong><\/p>\n\n\n\n<p class=\"has-base-3-color has-accent-background-color has-text-color has-background\"><strong>Himno Nacional de Chile &#8211; Orquestado<\/strong><\/p>\n\n\n<div class=\"wp-block-image\">\n<figure class=\"aligncenter size-full\"><img loading=\"lazy\" decoding=\"async\" width=\"250\" height=\"250\" src=\"http:\/\/bicentenariosantamaria.cl\/wp-content\/uploads\/2023\/04\/Escudo-Chile.jpg\" alt=\"\" class=\"wp-image-3319\" srcset=\"https:\/\/bicentenariosantamaria.cl\/wp-content\/uploads\/2023\/04\/Escudo-Chile.jpg 250w, https:\/\/bicentenariosantamaria.cl\/wp-content\/uploads\/2023\/04\/Escudo-Chile-150x150.jpg 150w\" sizes=\"auto, (max-width: 250px) 100vw, 250px\" \/><\/figure>\n<\/div>\n\n\n<figure class=\"wp-block-audio\"><audio controls src=\"http:\/\/bicentenariosantamaria.cl\/wp-content\/uploads\/2023\/04\/Himno_Nacional-_de_Chile-Orquestado.mp3\"><\/audio><\/figure>\n\n\n\n<p class=\"has-base-3-color has-accent-background-color has-text-color has-background\"><strong>Himno Nacional de Chile &#8211; Cantado<\/strong><\/p>\n\n\n<div class=\"wp-block-image\">\n<figure class=\"aligncenter size-full\"><img loading=\"lazy\" decoding=\"async\" width=\"250\" height=\"250\" src=\"http:\/\/bicentenariosantamaria.cl\/wp-content\/uploads\/2023\/04\/Escudo-Chile.jpg\" alt=\"\" class=\"wp-image-3319\" srcset=\"https:\/\/bicentenariosantamaria.cl\/wp-content\/uploads\/2023\/04\/Escudo-Chile.jpg 250w, https:\/\/bicentenariosantamaria.cl\/wp-content\/uploads\/2023\/04\/Escudo-Chile-150x150.jpg 150w\" sizes=\"auto, (max-width: 250px) 100vw, 250px\" \/><\/figure>\n<\/div>\n\n\n<figure class=\"wp-block-audio\"><audio controls src=\"http:\/\/bicentenariosantamaria.cl\/wp-content\/uploads\/2023\/04\/Himno_Nacional-_de_Chile-Cantado.mp3\"><\/audio><\/figure>\n\n\n\n<p>Letra: Eusebio Lillo &#8211; M\u00fasica: Ram\u00f3n Carnicer<\/p>\n\n\n\n<p>Estrofa V<\/p>\n\n\n\n<p>Puro, Chile, es tu cielo azulado;<br>Puras brisas te cruzan tambi\u00e9n,<br>Y tu campo, de flores bordado,<br>Es la copia feliz del Ed\u00e9n.<br>Majestuosa es la blanca monta\u00f1a<br>Que te dio por baluarte el Se\u00f1or,<br>Y ese mar que, tranquilo, te ba\u00f1a,<br>Te promete futuro esplendor.<\/p>\n\n\n\n<p>Coro<\/p>\n\n\n\n<p>Dulce Patria, recibe los votos<br>Con que Chile en tus aras jur\u00f3<br>Que, o la tumba ser\u00e1s de los libres,<br>O el asilo contra la opresi\u00f3n.<\/p>\n\n\n\n<p class=\"has-base-3-color has-accent-background-color has-text-color has-background\"><strong>Himno Liceo Bicentenario Santa Maria de Las Condes<\/strong><\/p>\n\n\n<div class=\"wp-block-image\">\n<figure class=\"aligncenter size-full\"><img loading=\"lazy\" decoding=\"async\" width=\"250\" height=\"250\" src=\"http:\/\/bicentenariosantamaria.cl\/wp-content\/uploads\/2023\/04\/Escudo-LBSMC.jpg\" alt=\"\" class=\"wp-image-3324\" srcset=\"https:\/\/bicentenariosantamaria.cl\/wp-content\/uploads\/2023\/04\/Escudo-LBSMC.jpg 250w, https:\/\/bicentenariosantamaria.cl\/wp-content\/uploads\/2023\/04\/Escudo-LBSMC-150x150.jpg 150w\" sizes=\"auto, (max-width: 250px) 100vw, 250px\" \/><\/figure>\n<\/div>\n\n\n<figure class=\"wp-block-audio\"><audio controls src=\"http:\/\/bicentenariosantamaria.cl\/wp-content\/uploads\/2023\/04\/Himno-Liceo-Bicentenario-Santa-Maria.wav\"><\/audio><\/figure>\n\n\n\n<p>Letra: Luisa Zapata y Victoria Barcello &#8211; M\u00fasica: Sergio Candia<\/p>\n\n\n\n<p>Estrofa I<\/p>\n\n\n\n<p>Por el camino del progreso<br>todos confiados avanzaremos<br>con entusiasmo nuestro deber<br>nos har\u00e1 siempre crecer.<\/p>\n\n\n\n<p>Coro<\/p>\n\n\n\n<p>Colegio Santa Mar\u00eda<br>muchos valores entrega,<br>todo el amor la ciencia y la paz<br>nos unir\u00e1 en la verdad,<br>todo el amor el canto y la paz<br>nos unir\u00e1 en la amistad.<\/p>\n\n\n\n<p>Estrofa II<\/p>\n\n\n\n<p>Porque el estudio engrandece<br>abre muchas rutas del bien,<br>porque la vida muy corta es<br>y muy largo es el saber.<\/p>\n\n\n\n<p class=\"has-base-3-color has-accent-background-color has-text-color has-background\"><strong>Himno del Ej\u00e9rcito de Chile &#8211; Los Viejos Estandartes<\/strong><\/p>\n\n\n<div class=\"wp-block-image\">\n<figure class=\"aligncenter size-full\"><img loading=\"lazy\" decoding=\"async\" width=\"250\" height=\"250\" src=\"http:\/\/bicentenariosantamaria.cl\/wp-content\/uploads\/2023\/04\/Escudo-Ejercito.jpg\" alt=\"\" class=\"wp-image-3328\" srcset=\"https:\/\/bicentenariosantamaria.cl\/wp-content\/uploads\/2023\/04\/Escudo-Ejercito.jpg 250w, https:\/\/bicentenariosantamaria.cl\/wp-content\/uploads\/2023\/04\/Escudo-Ejercito-150x150.jpg 150w\" sizes=\"auto, (max-width: 250px) 100vw, 250px\" \/><\/figure>\n<\/div>\n\n\n<figure class=\"wp-block-audio\"><audio controls src=\"http:\/\/bicentenariosantamaria.cl\/wp-content\/uploads\/2023\/04\/Himno_Ejercito_de_Chile.mp3\"><\/audio><\/figure>\n\n\n\n<p>Letra: Jorge Inostroza &#8211; M\u00fasica: Guillermo Bascu\u00f1\u00e1n<\/p>\n\n\n\n<p>Estrofa I<\/p>\n\n\n\n<p>Ces\u00f3 el tronar de ca\u00f1ones<br>las trincheras est\u00e1n silentes,<br>y por los caminos del norte<br>vuelven los batallones,<br>vuelven los escuadrones,<br>a Chile y a sus viejos amores.<br>En sus victoriosas banderas<br>traen mil recuerdos de glorias<br>balas desgarraron sus sedas<br>y sus estrellas muestran<br>y sus estrellas muestran<br>honrosas cicatrices de guerra.<\/p>\n\n\n\n<p>Estrofa II<\/p>\n\n\n\n<p>Cruzan bajo arcos triunfales,<br>tras de sus bravos generales,<br>y aunque pasan heridos<br>van marchando marciales,<br>van sonriendo viriles,<br>y retornan invictos,<br>Pasan los viejos estandartes<br>que en las batallas combatieron,<br>y que empapados en sangre<br>a los soldados guiaron<br>y a los muertos cubrieron<br>como mortajas nobles.<\/p>\n\n\n\n<p>Coro<\/p>\n\n\n\n<p>Ah\u00ed van los infantes de bronce,<br>fuego artilleros de hierro,<br>y al viento sus sables y lanzas,<br>a la carga\u2026<br>los jinetes de plata!<\/p>\n\n\n\n<p class=\"has-base-3-color has-accent-background-color has-text-color has-background\"><strong>Himno de la Armada de Chile &#8211; Brazas a Ce\u00f1ir<\/strong><\/p>\n\n\n<div class=\"wp-block-image\">\n<figure class=\"aligncenter size-full\"><img loading=\"lazy\" decoding=\"async\" width=\"250\" height=\"250\" src=\"http:\/\/bicentenariosantamaria.cl\/wp-content\/uploads\/2023\/04\/Escudo-Armada.jpg\" alt=\"\" class=\"wp-image-3330\" srcset=\"https:\/\/bicentenariosantamaria.cl\/wp-content\/uploads\/2023\/04\/Escudo-Armada.jpg 250w, https:\/\/bicentenariosantamaria.cl\/wp-content\/uploads\/2023\/04\/Escudo-Armada-150x150.jpg 150w\" sizes=\"auto, (max-width: 250px) 100vw, 250px\" \/><\/figure>\n<\/div>\n\n\n<figure class=\"wp-block-audio\"><audio controls src=\"http:\/\/bicentenariosantamaria.cl\/wp-content\/uploads\/2023\/04\/Himno_Armada-de_Chile.mp3\"><\/audio><\/figure>\n\n\n\n<p>Letra y M\u00fasica: Luis Mella Toro<\/p>\n\n\n\n<p>Estrofa I<\/p>\n\n\n\n<p>Listos a cazar las velas<br>tesa, Brazas a Ce\u00f1ir.<br>Aprovecha bien, la brisa del sur<br>que nos haga raudo navegar.<\/p>\n\n\n\n<p>Estrofa II<\/p>\n\n\n\n<p>Se aproxima la tormenta,<br>las menores a cargar;<br>rumbo siempre igual<br>quiero imaginar<br>un puerto donde fondear.<\/p>\n\n\n\n<p>Estrofa III<\/p>\n\n\n\n<p>Marino, sin vacilar,<br>Navega con tu cantar<br>lejos te esperan mil dichas<br>que no podr\u00e1s olvidar.<\/p>\n\n\n\n<p>Estrofa IV<\/p>\n\n\n\n<p>Tu nombre no has de manchar<br>gigante del ancho mar,<br>este es el lema, marino,<br>cumple con tu deber<br>y vencer\u00e1s.<\/p>\n\n\n\n<p>Estrofa V<\/p>\n\n\n\n<p>Veleros son mi pasi\u00f3n<br>emblema mi tricolor,<br>es tu velamen baluarte<br>de patriotismo sin par.<\/p>\n\n\n\n<p>Estrofa VI<\/p>\n\n\n\n<p>Contigo brav\u00edo mar,<br>la lucha quiero entablar;<br>mi alma se siente vibrante<br>y siempre triunfante<br>del temporal.<\/p>\n\n\n\n<p class=\"has-base-3-color has-accent-background-color has-text-color has-background\"><strong>Himno de la Fuerza A\u00e9rea de Chile &#8211; Camaradas<\/strong><\/p>\n\n\n<div class=\"wp-block-image\">\n<figure class=\"aligncenter size-full\"><img loading=\"lazy\" decoding=\"async\" width=\"250\" height=\"250\" src=\"http:\/\/bicentenariosantamaria.cl\/wp-content\/uploads\/2023\/04\/Escudo-Fach-1.jpg\" alt=\"\" class=\"wp-image-3334\" srcset=\"https:\/\/bicentenariosantamaria.cl\/wp-content\/uploads\/2023\/04\/Escudo-Fach-1.jpg 250w, https:\/\/bicentenariosantamaria.cl\/wp-content\/uploads\/2023\/04\/Escudo-Fach-1-150x150.jpg 150w\" sizes=\"auto, (max-width: 250px) 100vw, 250px\" \/><\/figure>\n<\/div>\n\n\n<figure class=\"wp-block-audio\"><audio controls src=\"http:\/\/bicentenariosantamaria.cl\/wp-content\/uploads\/2023\/04\/Himno_Fuerza_Aerea_de_Chile.mp3\"><\/audio><figcaption class=\"wp-element-caption\">Letra: Diego Barros Ortiz &#8211; M\u00fasica: Angel Cerutti<\/figcaption><\/figure>\n\n\n\n<p>Estrofa I<\/p>\n\n\n\n<p>Con las alas enarcadas<br>en suprema sed de cielo<br>dejaremos, camaradas<br>cualquier d\u00eda la legi\u00f3n.<br>El rumor de los aviones<br>quedar\u00e1se en la hondonada<br>fusionado al recuerdo<br>de la madre y de la amada<br>en el cofre de oro viejo<br>que qued\u00f3 en el coraz\u00f3n.<\/p>\n\n\n\n<p>Coro<\/p>\n\n\n\n<p>Camaradas, camaradas en la vida<br>camaradas en la vida y en la muerte<br>no olvidemos que la gloria<br>se ha prendido en el avi\u00f3n.<br>No olvidemos que la gloria<br>se ha prendido en nuestro avi\u00f3n.<\/p>\n\n\n\n<p>Estrofa II<\/p>\n\n\n\n<p>Revivamos en las alas<br>de la vida, compa\u00f1eros,<br>ese vuelo sin escalas<br>todo azul de inmensidad<br>y esperemos siempre alegres,<br>siempre unidos, siempre hermanos,<br>la fant\u00e1stica batida<br>de los c\u00f3ndores lejanos<br>que vendr\u00e1n desde lo alto<br>a llevarnos M\u00e1s All\u00e1.<\/p>\n\n\n\n<p>(Coro)<\/p>\n\n\n\n<p>no olvidemos que la gloria<br>se ha prendido en el avi\u00f3n.<br>No olvidemos que la gloria<br>se ha prendido en nuestro avi\u00f3n.<\/p>\n\n\n\n<p>Estrofa III<\/p>\n\n\n\n<p>Con las alas enarcadas<br>en quim\u00e9rica bandada<br>dejaremos, camaradas,<br>uno a uno la legi\u00f3n;<br>el rumor de los aviones<br>lo oiremos en los astros<br>volaremos en las noches<br>como un gran tropel de albatros<br>siempre alegres, siempre unidos,<br>en fant\u00e1stica visi\u00f3n.<\/p>\n\n\n\n<p class=\"has-base-3-color has-accent-background-color has-text-color has-background\"><strong>Himno de Carabineros de Chile<\/strong><\/p>\n\n\n<div class=\"wp-block-image\">\n<figure class=\"aligncenter size-full\"><img loading=\"lazy\" decoding=\"async\" width=\"250\" height=\"250\" src=\"http:\/\/bicentenariosantamaria.cl\/wp-content\/uploads\/2023\/04\/Escudo-Carabineros.jpg\" alt=\"\" class=\"wp-image-3336\" srcset=\"https:\/\/bicentenariosantamaria.cl\/wp-content\/uploads\/2023\/04\/Escudo-Carabineros.jpg 250w, https:\/\/bicentenariosantamaria.cl\/wp-content\/uploads\/2023\/04\/Escudo-Carabineros-150x150.jpg 150w\" sizes=\"auto, (max-width: 250px) 100vw, 250px\" \/><\/figure>\n<\/div>\n\n\n<figure class=\"wp-block-audio\"><audio controls src=\"http:\/\/bicentenariosantamaria.cl\/wp-content\/uploads\/2023\/04\/Himno_Carabineros_de_Chile.mp3\"><\/audio><figcaption class=\"wp-element-caption\">Letra: Arturo Arancibia Uribe y Francisco Flores Ruiz &#8211; M\u00fasica: Arturo Arancibia Uribe.<br><br>Estrofa I<br><br>Orden y Patria es nuestro lema,<br>la ley espejo de nuestro honor,<br>del sacrificio somos emblema Carabineros de la Naci\u00f3n.<br><br>Estrofa II<br><br>Si el mal acecha la paz del nido<br>la inocencia se cobij\u00f3,<br>vamos sin miedo tras el bandido,<br>somos del d\u00e9bil el protector.<br><br>Estrofa III<br><br>Nuestra bandera flamea al viento<br>como un heraldo de bienestar,<br>nuestros clarines son el acento<br>con que sus dianas cantan la paz.<br><br>Estrofa IV<br><br>Otros la vida gocen en calma,<br>disfruten ellos dicha y solaz,<br>nosotros vamos tras de la palma<br>que el sacrificio nos brindar\u00e1.<br><br>Estrofa V<br><br>Duerme tranquila ni\u00f1a inocente,<br>sin preocuparte del bandolero,<br>que por tu sue\u00f1o dulce y sonriente<br>vela tu amante Carabinero.<br><br>Estrofa VI<br><br>Duerme y no temas la sombra oscura<br>que all\u00e1 en el valle su tul tendi\u00f3<br>nosotros somos sol que fulgura,<br>Carabineros de la Naci\u00f3n.<\/figcaption><\/figure>\n\n\n\n<p class=\"has-base-3-color has-accent-background-color has-text-color has-background\"><strong>Himno de la Polic\u00eda de Investigaciones de Chile &#8211; Himno del Detective<\/strong><\/p>\n\n\n<div class=\"wp-block-image\">\n<figure class=\"aligncenter size-full\"><img loading=\"lazy\" decoding=\"async\" width=\"250\" height=\"250\" src=\"http:\/\/bicentenariosantamaria.cl\/wp-content\/uploads\/2023\/04\/Escudo-PDI.jpg\" alt=\"\" class=\"wp-image-3340\" srcset=\"https:\/\/bicentenariosantamaria.cl\/wp-content\/uploads\/2023\/04\/Escudo-PDI.jpg 250w, https:\/\/bicentenariosantamaria.cl\/wp-content\/uploads\/2023\/04\/Escudo-PDI-150x150.jpg 150w\" sizes=\"auto, (max-width: 250px) 100vw, 250px\" \/><\/figure>\n<\/div>\n\n\n<figure class=\"wp-block-audio\"><audio controls src=\"http:\/\/bicentenariosantamaria.cl\/wp-content\/uploads\/2023\/04\/Himno_Policia_de_Investigaciones_Himno-al-Detective.mp3\"><\/audio><\/figure>\n\n\n\n<p>Letra: Julio Cordero Vallejo &#8211; M\u00fasica: Josefina Mart\u00ednez N\u00fa\u00f1ez<\/p>\n\n\n\n<p>Estrofa I<\/p>\n\n\n\n<p>Atenci\u00f3n de las leyes defensores<br>adelante soldados de la paz,<br>por la senda de luces y de flores<br>del honor, disciplina y lealtad.<\/p>\n\n\n\n<p>Estrofa II<\/p>\n\n\n\n<p>Alcemos luminosa la mirada,<br>reflejos de una bella enso\u00f1aci\u00f3n,<br>ser dignos hijos de la patria amada,<br>dar por la dicha ajena el coraz\u00f3n.<\/p>\n\n\n\n<p>Coro<\/p>\n\n\n\n<p>Detectives en el ideal unidos,<br>marchemos con esp\u00edritu gentil,<br>bajo triunfales arcos aplaudidos<br>porque sabemos el deber cumplir (bis).<\/p>\n\n\n\n<p>Estrofa III<\/p>\n\n\n\n<p>Sostengamos flamante la sublime<br>bandera de justicia y de verdad<br>y al influjo del imperio que redime,<br>el bien surja en el campo y la ciudad.<\/p>\n\n\n\n<p>Estrofa IV<\/p>\n\n\n\n<p>Que las nobles virtudes ciudadanas<br>prosperen por mandato de la ley<br>y cada instituci\u00f3n republicana<br>forje de nuestro Chile un gran ed\u00e9n.<\/p>\n\n\n\n<p>(Coro)<\/p>\n\n\n\n<p>Detectives en el ideal unidos,<br>marchemos con esp\u00edritu gentil,<br>bajo triunfales arcos aplaudidos<br>porque sabemos el deber cumplir (bis).<\/p>\n\n\n\n<p class=\"has-base-3-color has-accent-background-color has-text-color has-background\"><strong>Himno de la Cruz Roja chilena<\/strong><\/p>\n\n\n<div class=\"wp-block-image\">\n<figure class=\"aligncenter size-full\"><img loading=\"lazy\" decoding=\"async\" width=\"250\" height=\"250\" src=\"http:\/\/bicentenariosantamaria.cl\/wp-content\/uploads\/2023\/04\/Escudo-Cruz-Roja.jpg\" alt=\"\" class=\"wp-image-3343\" srcset=\"https:\/\/bicentenariosantamaria.cl\/wp-content\/uploads\/2023\/04\/Escudo-Cruz-Roja.jpg 250w, https:\/\/bicentenariosantamaria.cl\/wp-content\/uploads\/2023\/04\/Escudo-Cruz-Roja-150x150.jpg 150w\" sizes=\"auto, (max-width: 250px) 100vw, 250px\" \/><\/figure>\n<\/div>\n\n\n<figure class=\"wp-block-audio\"><audio controls src=\"http:\/\/bicentenariosantamaria.cl\/wp-content\/uploads\/2023\/04\/Himno_Cruz_Roja_Chilena.mp3\"><\/audio><\/figure>\n\n\n\n<p>Letra: Antonio Orrego B. &#8211; M\u00fasica: Osm\u00e1n P\u00e9rez Freire<\/p>\n\n\n\n<p>Estrofa I<\/p>\n\n\n\n<p>La Cruz Roja va en mi pecho, como s\u00edmbolo de fe<br>y no importa el sufrimiento que me imponga mi deber.<br>En mi alma de cruzado voy forjando un ideal<br>y mi frente se ilumina de fulgor de humanidad.<\/p>\n\n\n\n<p>Coro<\/p>\n\n\n\n<p>Soy Cruz Roja, formo parte de esa innumera legi\u00f3n<br>que por todos los paises va bordeando una canci\u00f3n.<\/p>\n\n\n\n<p>Estrofa II<\/p>\n\n\n\n<p>La cancion que habla de lucha, sacrificio y devoci\u00f3n<br>de observar una promesa, de cumplir lo que jur\u00f3.<\/p>\n\n\n\n<p>Coro<\/p>\n\n\n\n<p>Soy Cruz Roja, formo parte de esa innumera legi\u00f3n<br>que por todos los paises va bordeando una canci\u00f3n.<\/p>\n\n\n\n<p class=\"has-base-3-color has-accent-background-color has-text-color has-background\"><strong>Himno de Bomberos de Chile<\/strong><\/p>\n\n\n<div class=\"wp-block-image\">\n<figure class=\"aligncenter size-full\"><img loading=\"lazy\" decoding=\"async\" width=\"250\" height=\"250\" src=\"http:\/\/bicentenariosantamaria.cl\/wp-content\/uploads\/2023\/04\/Escudo-Bomberos.jpg\" alt=\"\" class=\"wp-image-3346\" srcset=\"https:\/\/bicentenariosantamaria.cl\/wp-content\/uploads\/2023\/04\/Escudo-Bomberos.jpg 250w, https:\/\/bicentenariosantamaria.cl\/wp-content\/uploads\/2023\/04\/Escudo-Bomberos-150x150.jpg 150w\" sizes=\"auto, (max-width: 250px) 100vw, 250px\" \/><\/figure>\n<\/div>\n\n\n<figure class=\"wp-block-audio\"><audio controls src=\"http:\/\/bicentenariosantamaria.cl\/wp-content\/uploads\/2023\/04\/Himno_Bomberos_de_Chile.mp3\"><\/audio><\/figure>\n\n\n\n<p>Letra: Luis Merino Reyes \u2013 M\u00fasica: Ernesto Peralta Mart\u00ednez<\/p>\n\n\n\n<p>Estrofa II<\/p>\n\n\n\n<p>Voluntarios bomberos de Chile,<br>hombres de hacha, de escala y pit\u00f3n,<br>la sirena angustiada nos busca<br>tremolando su c\u00e1lida voz,<br>y no habr\u00e1 ning\u00fan lazo que impida<br>el derroche de nuestro vigor:<br>mientras haya una vida en peligro<br>nuestro impulso de amor vibrar\u00e1.<\/p>\n\n\n\n<p>Coro<\/p>\n\n\n\n<p>Cuando broten sedientas las llamas<br>y la alarma desnude su voz,<br>correremos veloces y libres<br>a vencer del incendio el furor.<\/p>\n\n\n\n<p class=\"has-base-3-color has-accent-background-color has-text-color has-background\"><strong>Himno de la Defensa Civil<\/strong><\/p>\n\n\n<div class=\"wp-block-image\">\n<figure class=\"aligncenter size-full\"><img loading=\"lazy\" decoding=\"async\" width=\"250\" height=\"250\" src=\"http:\/\/bicentenariosantamaria.cl\/wp-content\/uploads\/2023\/04\/Escudo-Defensa-Civil.jpg\" alt=\"\" class=\"wp-image-3348\" srcset=\"https:\/\/bicentenariosantamaria.cl\/wp-content\/uploads\/2023\/04\/Escudo-Defensa-Civil.jpg 250w, https:\/\/bicentenariosantamaria.cl\/wp-content\/uploads\/2023\/04\/Escudo-Defensa-Civil-150x150.jpg 150w\" sizes=\"auto, (max-width: 250px) 100vw, 250px\" \/><\/figure>\n<\/div>\n\n\n<figure class=\"wp-block-audio\"><audio controls src=\"http:\/\/bicentenariosantamaria.cl\/wp-content\/uploads\/2023\/04\/Himno-Defensa_Civil_de_Chile.mp3\"><\/audio><\/figure>\n\n\n\n<p>Letra: Bernardino Abarz\u00faa &#8211; M\u00fasica: Osm\u00e1n P\u00e9rez Freire<\/p>\n\n\n\n<p>Coro<\/p>\n\n\n\n<p>Con su lumbre de gloria, la Bandera<br>al fraterno deber nos guiar\u00e1,<br>es la madre de Chile donde quiera:<br>en las horas de lucha y en la Paz.<\/p>\n\n\n\n<p>Estrofa I<\/p>\n\n\n\n<p>En temblores que agitan a la tierra<br>en incendios o trombas de la mar,<br>o en el p\u00e9rfido azote de la guerra<br>la Defensa Civil responder\u00e1.<br>Y entre ruinas y l\u00e1grimas fatales,<br>para todas las razas bajo el sol<br>ahogar\u00e1n la tragedia en los raudales<br>de su fe generosa y de su amor.<\/p>\n\n\n\n<p>Estrofa II<\/p>\n\n\n\n<p>Los obreros, dejando sus faenas<br>los ancianos que saben revivir<br>formar\u00e1n con las j\u00f3venes cadenas<br>de esta uni\u00f3n solidaria y varonil.<br>La Defensa Civil tiene por nombre<br>y en la patria chilena es un cartel<br>que re\u00fane los \u00edmpetus del hombre<br>al denuedo triunfal de la mujer.<\/p>\n\n\n\n<p>Coro<\/p>\n\n\n\n<p>Con su lumbre de gloria, la Bandera<br>al fraterno deber nos guiar\u00e1,<br>es la madre de Chile donde quiera<br>en las horas de lucha y en la Paz<\/p>\n\n\n\n<p class=\"has-base-3-color has-accent-background-color has-text-color has-background\"><strong>Rotary Club International<\/strong><\/p>\n\n\n<div class=\"wp-block-image\">\n<figure class=\"aligncenter size-full\"><img loading=\"lazy\" decoding=\"async\" width=\"250\" height=\"250\" src=\"http:\/\/bicentenariosantamaria.cl\/wp-content\/uploads\/2023\/04\/Escudo-Rotary.jpg\" alt=\"\" class=\"wp-image-3351\" srcset=\"https:\/\/bicentenariosantamaria.cl\/wp-content\/uploads\/2023\/04\/Escudo-Rotary.jpg 250w, https:\/\/bicentenariosantamaria.cl\/wp-content\/uploads\/2023\/04\/Escudo-Rotary-150x150.jpg 150w\" sizes=\"auto, (max-width: 250px) 100vw, 250px\" \/><\/figure>\n<\/div>\n\n\n<figure class=\"wp-block-audio\"><audio controls src=\"http:\/\/bicentenariosantamaria.cl\/wp-content\/uploads\/2023\/04\/Rotary-International.wav\"><\/audio><\/figure>\n\n\n\n<p>Arreglo de la \u00abmarcha\u00bb de la Overtura \u00abEgmont\u00bb de Ludwig van Beethoven<\/p>\n\n\n\n<p class=\"has-base-3-color has-accent-background-color has-text-color has-background\"><strong>Club de Leones &#8211; Himno Latinoamericano<\/strong><\/p>\n\n\n<div class=\"wp-block-image\">\n<figure class=\"aligncenter size-full\"><img loading=\"lazy\" decoding=\"async\" width=\"250\" height=\"250\" src=\"http:\/\/bicentenariosantamaria.cl\/wp-content\/uploads\/2023\/04\/Escudo-Leones.jpg\" alt=\"\" class=\"wp-image-3353\" srcset=\"https:\/\/bicentenariosantamaria.cl\/wp-content\/uploads\/2023\/04\/Escudo-Leones.jpg 250w, https:\/\/bicentenariosantamaria.cl\/wp-content\/uploads\/2023\/04\/Escudo-Leones-150x150.jpg 150w\" sizes=\"auto, (max-width: 250px) 100vw, 250px\" \/><\/figure>\n<\/div>\n\n\n<figure class=\"wp-block-audio\"><audio controls src=\"http:\/\/bicentenariosantamaria.cl\/wp-content\/uploads\/2023\/04\/Club-de-Leones.wav\"><\/audio><\/figure>\n\n\n\n<p>Letra: Gustavo Campa\u00f1a Gandarillas &#8211; M\u00fasica: Nicanor Molinare<\/p>\n\n\n\n<p>Estrofa I<\/p>\n\n\n\n<p>El mundo es nuestra selva estremecida<br>que ansiamos m\u00e1s sincera y m\u00e1s cordial<br>y si es bravo el rugido en la conquista<br>m\u00e1s c\u00e1lida es la mano en la amistad. bis<\/p>\n\n\n\n<p>Coro<\/p>\n\n\n\n<p>Al aire la melena que flamea<br>rom\u00e1ntica bandera de la paz<br>que avanza enaltecida hacia el futuro<br>como una llamarada fraternal. bis<\/p>\n\n\n\n<p>Estrofa II<\/p>\n\n\n\n<p>Lo noble, lo sincero y generoso<br>con el paso felino hay que sembrar<br>que la suma de un d\u00eda y otro d\u00eda<br>alcance la gloriosa eternidad. bis<\/p>\n\n\n\n<p>Coro<\/p>\n\n\n\n<p>Al aire la melena que flamea<br>rom\u00e1ntica bandera de la paz<br>que avanza enaltecida hacia el futuro<br>como una llamarada fraternal. bis<\/p>\n","protected":false},"excerpt":{"rendered":"<p>Himnos de instituciones nacionales Himno Nacional de Chile &#8211; Orquestado Himno Nacional de Chile &#8211; Cantado Letra: Eusebio Lillo &#8211; M\u00fasica: Ram\u00f3n Carnicer Estrofa V Puro, Chile, es tu cielo azulado;Puras brisas te cruzan tambi\u00e9n,Y tu campo, de flores bordado,Es la copia feliz del Ed\u00e9n.Majestuosa es la blanca monta\u00f1aQue te dio por baluarte el Se\u00f1or,Y &#8230; <a title=\"Himnos\" class=\"read-more\" href=\"https:\/\/bicentenariosantamaria.cl\/index.php\/himnos-nacionales-de-chile\/\" aria-label=\"Leer m\u00e1s sobre Himnos\">Leer m\u00e1s<\/a><\/p>\n","protected":false},"author":1,"featured_media":0,"parent":0,"menu_order":0,"comment_status":"closed","ping_status":"closed","template":"","meta":{"pagelayer_contact_templates":[],"_pagelayer_content":"","footnotes":""},"class_list":["post-3068","page","type-page","status-publish"],"_links":{"self":[{"href":"https:\/\/bicentenariosantamaria.cl\/index.php\/wp-json\/wp\/v2\/pages\/3068","targetHints":{"allow":["GET"]}}],"collection":[{"href":"https:\/\/bicentenariosantamaria.cl\/index.php\/wp-json\/wp\/v2\/pages"}],"about":[{"href":"https:\/\/bicentenariosantamaria.cl\/index.php\/wp-json\/wp\/v2\/types\/page"}],"author":[{"embeddable":true,"href":"https:\/\/bicentenariosantamaria.cl\/index.php\/wp-json\/wp\/v2\/users\/1"}],"replies":[{"embeddable":true,"href":"https:\/\/bicentenariosantamaria.cl\/index.php\/wp-json\/wp\/v2\/comments?post=3068"}],"version-history":[{"count":0,"href":"https:\/\/bicentenariosantamaria.cl\/index.php\/wp-json\/wp\/v2\/pages\/3068\/revisions"}],"wp:attachment":[{"href":"https:\/\/bicentenariosantamaria.cl\/index.php\/wp-json\/wp\/v2\/media?parent=3068"}],"curies":[{"name":"wp","href":"https:\/\/api.w.org\/{rel}","templated":true}]}}