{"id":308,"date":"2020-06-10T00:00:18","date_gmt":"2020-06-10T00:00:18","guid":{"rendered":"https:\/\/bicentenariosantamaria.cl\/?page_id=308"},"modified":"2024-07-20T21:08:00","modified_gmt":"2024-07-20T21:08:00","slug":"revista-re-accion","status":"publish","type":"page","link":"https:\/\/bicentenariosantamaria.cl\/index.php\/departamento-de-artes\/revista-re-accion\/","title":{"rendered":"Re Acci\u00f3n"},"content":{"rendered":"\n<p class=\"has-base-3-color has-text-color has-background\" style=\"background-color:#ff6900;font-size:30px\"><strong>Revista Re Acci\u00f3n \u00abSomos tu voz\u00bb<\/strong><\/p>\n\n\n\n<iframe \nsrc=\"https:\/\/docs.google.com\/gview?url=\nhttps:\/\/bicentenariosantamaria.cl\/wp-content\/uploads\/2023\/04\/Libro-favorito-2023.pdf\n&#038;embedded=true\" style=\"width:100%; height:800px;\" frameborder=\"0\" ><\/iframe>\n\n\n\n<p>Adem\u00e1s, puedes ver la Revista Edici\u00f3n Especial Mi Lectura 2023 en: <strong><a href=\"https:\/\/bicentenariosantamaria.cl\/index.php\/3d-flip-book\/libro-favorito-2023\/\">3D<\/a><\/strong>  o  <strong><a href=\"http:\/\/bicentenariosantamaria.cl\/wp-content\/uploads\/2023\/04\/Libro-favorito-2023.pdf\">DESCARGAR<\/a><\/strong><\/p>\n\n\n\n<iframe \nsrc=\"https:\/\/docs.google.com\/gview?url=\nhttps:\/\/bicentenariosantamaria.cl\/wp-content\/uploads\/2022\/12\/2022-Revista-Edicion-Especial_com.pdf\n&#038;embedded=true\" style=\"width:100%; height:800px;\" frameborder=\"0\" ><\/iframe>\n\n\n\n<p>Adem\u00e1s, puedes ver la Revista Edici\u00f3n Especial 2022 en: <strong><a href=\"https:\/\/bicentenariosantamaria.cl\/index.php\/3d-flip-book\/edicion-especial-2022\/\">3D<\/a><\/strong>  o  <a href=\"http:\/\/bicentenariosantamaria.cl\/wp-content\/uploads\/2022\/12\/2022-Revista-Edicion-Especial_com.pdf\"><strong>DESCARGAR<\/strong>  <\/a><\/p>\n\n\n\n<iframe \nsrc=\"https:\/\/docs.google.com\/gview?url=\nhttps:\/\/bicentenariosantamaria.cl\/wp-content\/uploads\/2022\/10\/Revista_ReAccion_4_2022_.pdf\n&#038;embedded=true\" style=\"width:100%; height:800px;\" frameborder=\"0\" ><\/iframe>\n\n\n\n<p class=\"has-text-align-center\">Adem\u00e1s, puedes ver la Revista N\u00b0 4 en: <strong><a href=\"https:\/\/bicentenariosantamaria.cl\/index.php\/3d-flip-book\/revista-reaccion-4-2022\/\">3D<\/a><\/strong>  o  <strong><a href=\"http:\/\/bicentenariosantamaria.cl\/wp-content\/uploads\/2022\/10\/Revista_ReAccion_4_2022_.pdf\">DESCARGAR<\/a><\/strong><\/p>\n\n\n\n<iframe \nsrc=\"https:\/\/docs.google.com\/gview?url=\nhttps:\/\/bicentenariosantamaria.cl\/wp-content\/uploads\/2021\/12\/Revista-Edicion-Especial-2021.pdf\n&#038;embedded=true\" style=\"width:100%; height:800px;\" frameborder=\"0\" ><\/iframe>\n\n\n\n<p class=\"has-text-align-center\">  Adem\u00e1s, puedes ver la Revista Edici\u00f3n Especial 2021 en: <strong><a href=\"https:\/\/bicentenariosantamaria.cl\/index.php\/3d-flip-book\/2027\/\" data-type=\"URL\">3D<\/a><\/strong>  o  <a href=\"http:\/\/bicentenariosantamaria.cl\/wp-content\/uploads\/2021\/12\/Revista-Edicion-Especial-2021.pdf\" data-type=\"URL\"><strong>DESCARGAR<\/strong>  <\/a><\/p>\n\n\n\n<iframe \nsrc=\"https:\/\/docs.google.com\/gview?url=\nhttps:\/\/bicentenariosantamaria.cl\/wp-content\/uploads\/2021\/12\/Revista_Reaccion_edicion_3.pdf\n&#038;embedded=true\" style=\"width:100%; height:800px;\" frameborder=\"0\" ><\/iframe>\n\n\n\n<p class=\"has-text-align-center\"> Adem\u00e1s, puedes ver la Revista N\u00b0 3 en: <strong><a href=\"https:\/\/bicentenariosantamaria.cl\/index.php\/3d-flip-book\/revista-re-accion-3\/\" data-type=\"URL\">3D<\/a><\/strong>  o  <a href=\"http:\/\/bicentenariosantamaria.cl\/wp-content\/uploads\/2021\/12\/Revista_Reaccion_edicion_3.pdf\" data-type=\"URL\"><strong>DESCARGAR<\/strong> <\/a><\/p>\n\n\n\n<iframe \nsrc=\"https:\/\/docs.google.com\/gview?url=\nhttps:\/\/bicentenariosantamaria.cl\/wp-content\/uploads\/2021\/07\/Revista-Re-Accion-2.pdf\n&#038;embedded=true\" style=\"width:100%; height:800px;\" frameborder=\"0\" ><\/iframe>\n\n\n\n<p class=\"has-text-align-center has-black-color has-text-color\">Adem\u00e1s, puedes ver la Revista N\u00b0 2 en: <strong><a href=\"https:\/\/bicentenariosantamaria.cl\/index.php\/3d-flip-book\/revista-re-accion-3\/\" data-type=\"URL\">3D<\/a><\/strong>  o  <a href=\"http:\/\/bicentenariosantamaria.cl\/wp-content\/uploads\/2021\/12\/Revista_Reaccion_edicion_3.pdf\" data-type=\"URL\"><strong>DESCARGAR<\/strong><\/a><\/p>\n\n\n\n<iframe \nsrc=\"https:\/\/docs.google.com\/gview?url=\nhttps:\/\/bicentenariosantamaria.cl\/wp-content\/uploads\/2021\/07\/Revista-Re-Accion-1.pdf\n&#038;embedded=true\" style=\"width:100%; height:800px;\" frameborder=\"0\" ><\/iframe>\n\n\n\n<p class=\"has-text-align-center\"> Adem\u00e1s, puedes ver la Revista N\u00b0 1 en:  <strong><a href=\"https:\/\/bicentenariosantamaria.cl\/index.php\/3d-flip-book\/revista-re-accion-1\/\" data-type=\"URL\" data-id=\"https:\/\/bicentenariosantamaria.cl\/index.php\/3d-flip-book\/revista-re-accion-1\/\">3D<\/a><\/strong>  o  <strong><a href=\"http:\/\/bicentenariosantamaria.cl\/wp-content\/uploads\/2021\/07\/Revista-Re-Accion-1.pdf\" data-type=\"URL\" data-id=\"http:\/\/bicentenariosantamaria.cl\/wp-content\/uploads\/2021\/07\/Revista-Re-Accion-1.pdf\">DESCARGAR<\/a><\/strong><\/p>\n","protected":false},"excerpt":{"rendered":"<p>Revista Re Acci\u00f3n \u00abSomos tu voz\u00bb Adem\u00e1s, puedes ver la Revista Edici\u00f3n Especial Mi Lectura 2023 en: 3D o DESCARGAR Adem\u00e1s, puedes ver la Revista Edici\u00f3n Especial 2022 en: 3D o DESCARGAR Adem\u00e1s, puedes ver la Revista N\u00b0 4 en: 3D o DESCARGAR Adem\u00e1s, puedes ver la Revista Edici\u00f3n Especial 2021 en: 3D o DESCARGAR &#8230; <a title=\"Re Acci\u00f3n\" class=\"read-more\" href=\"https:\/\/bicentenariosantamaria.cl\/index.php\/departamento-de-artes\/revista-re-accion\/\" aria-label=\"Leer m\u00e1s sobre Re Acci\u00f3n\">Leer m\u00e1s<\/a><\/p>\n","protected":false},"author":1,"featured_media":0,"parent":310,"menu_order":0,"comment_status":"closed","ping_status":"closed","template":"","meta":{"pagelayer_contact_templates":[],"_pagelayer_content":"","footnotes":""},"class_list":["post-308","page","type-page","status-publish"],"_links":{"self":[{"href":"https:\/\/bicentenariosantamaria.cl\/index.php\/wp-json\/wp\/v2\/pages\/308","targetHints":{"allow":["GET"]}}],"collection":[{"href":"https:\/\/bicentenariosantamaria.cl\/index.php\/wp-json\/wp\/v2\/pages"}],"about":[{"href":"https:\/\/bicentenariosantamaria.cl\/index.php\/wp-json\/wp\/v2\/types\/page"}],"author":[{"embeddable":true,"href":"https:\/\/bicentenariosantamaria.cl\/index.php\/wp-json\/wp\/v2\/users\/1"}],"replies":[{"embeddable":true,"href":"https:\/\/bicentenariosantamaria.cl\/index.php\/wp-json\/wp\/v2\/comments?post=308"}],"version-history":[{"count":0,"href":"https:\/\/bicentenariosantamaria.cl\/index.php\/wp-json\/wp\/v2\/pages\/308\/revisions"}],"up":[{"embeddable":true,"href":"https:\/\/bicentenariosantamaria.cl\/index.php\/wp-json\/wp\/v2\/pages\/310"}],"wp:attachment":[{"href":"https:\/\/bicentenariosantamaria.cl\/index.php\/wp-json\/wp\/v2\/media?parent=308"}],"curies":[{"name":"wp","href":"https:\/\/api.w.org\/{rel}","templated":true}]}}