{"id":3124,"date":"2023-04-17T14:00:03","date_gmt":"2023-04-17T14:00:03","guid":{"rendered":"https:\/\/bicentenariosantamaria.cl\/?page_id=3124"},"modified":"2025-03-17T20:06:29","modified_gmt":"2025-03-17T20:06:29","slug":"reglamento-de-evaluacion-para-ensenanza-basica-y-ensenanza-media","status":"publish","type":"page","link":"https:\/\/bicentenariosantamaria.cl\/index.php\/reglamento-de-evaluacion-para-ensenanza-basica-y-ensenanza-media\/","title":{"rendered":"Evaluaci\u00f3n"},"content":{"rendered":"\n<p class=\"has-base-3-color has-luminous-vivid-orange-background-color has-text-color has-background\" style=\"font-size:25px\"><strong>Reglamento de Evaluaci\u00f3n para Ense\u00f1anza B\u00e1sica y Ense\u00f1anza Media<\/strong><\/p>\n\n\n\n<div data-wp-interactive=\"core\/file\" class=\"wp-block-file\"><object data-wp-bind--hidden=\"!state.hasPdfPreview\" hidden class=\"wp-block-file__embed\" data=\"https:\/\/bicentenariosantamaria.cl\/wp-content\/uploads\/2025\/03\/reg-evaluacion-actualizacion-2025.pdf\" type=\"application\/pdf\" style=\"width:100%;height:600px\" aria-label=\"Incrustado de REG EVALUACION - Actualizaci\u00f3n 2025.\"><\/object><a id=\"wp-block-file--media-f9971040-d82c-4bd2-9e7c-27c50a60ac12\" href=\"https:\/\/bicentenariosantamaria.cl\/wp-content\/uploads\/2025\/03\/reg-evaluacion-actualizacion-2025.pdf\">REG EVALUACION &#8211; Actualizaci\u00f3n 2025<\/a><a href=\"https:\/\/bicentenariosantamaria.cl\/wp-content\/uploads\/2025\/03\/reg-evaluacion-actualizacion-2025.pdf\" class=\"wp-block-file__button wp-element-button\" download aria-describedby=\"wp-block-file--media-f9971040-d82c-4bd2-9e7c-27c50a60ac12\">Descarga<\/a><\/div>\n\n\n","protected":false},"excerpt":{"rendered":"<p>Reglamento de Evaluaci\u00f3n para Ense\u00f1anza B\u00e1sica y Ense\u00f1anza Media<\/p>\n","protected":false},"author":1,"featured_media":0,"parent":0,"menu_order":0,"comment_status":"closed","ping_status":"closed","template":"","meta":{"pagelayer_contact_templates":[],"_pagelayer_content":"","footnotes":""},"class_list":["post-3124","page","type-page","status-publish"],"_links":{"self":[{"href":"https:\/\/bicentenariosantamaria.cl\/index.php\/wp-json\/wp\/v2\/pages\/3124","targetHints":{"allow":["GET"]}}],"collection":[{"href":"https:\/\/bicentenariosantamaria.cl\/index.php\/wp-json\/wp\/v2\/pages"}],"about":[{"href":"https:\/\/bicentenariosantamaria.cl\/index.php\/wp-json\/wp\/v2\/types\/page"}],"author":[{"embeddable":true,"href":"https:\/\/bicentenariosantamaria.cl\/index.php\/wp-json\/wp\/v2\/users\/1"}],"replies":[{"embeddable":true,"href":"https:\/\/bicentenariosantamaria.cl\/index.php\/wp-json\/wp\/v2\/comments?post=3124"}],"version-history":[{"count":0,"href":"https:\/\/bicentenariosantamaria.cl\/index.php\/wp-json\/wp\/v2\/pages\/3124\/revisions"}],"wp:attachment":[{"href":"https:\/\/bicentenariosantamaria.cl\/index.php\/wp-json\/wp\/v2\/media?parent=3124"}],"curies":[{"name":"wp","href":"https:\/\/api.w.org\/{rel}","templated":true}]}}